{"id":1032,"date":"2025-06-20T00:51:59","date_gmt":"2025-06-19T22:51:59","guid":{"rendered":"https:\/\/konvertilo.com\/politique-de-confidentialite\/"},"modified":"2025-06-24T10:09:35","modified_gmt":"2025-06-24T08:09:35","slug":"politique-de-confidentialite","status":"publish","type":"page","link":"https:\/\/konvertilo.com\/fr\/politique-de-confidentialite\/","title":{"rendered":"Politique de confidentialit\u00e9"},"content":{"rendered":"\t\t<div data-elementor-type=\"wp-page\" data-elementor-id=\"1032\" class=\"elementor elementor-1032 elementor-616\" data-elementor-post-type=\"page\">\n\t\t\t\t<div class=\"elementor-element elementor-element-4aeb665 e-flex e-con-boxed e-con e-parent\" data-id=\"4aeb665\" data-element_type=\"container\" data-settings=\"{&quot;background_background&quot;:&quot;classic&quot;}\">\n\t\t\t\t\t<div class=\"e-con-inner\">\n\t\t\t\t<div class=\"elementor-element elementor-element-f2b9d3f elementor-widget elementor-widget-heading\" data-id=\"f2b9d3f\" data-element_type=\"widget\" data-widget_type=\"heading.default\">\n\t\t\t\t\t<h1 class=\"elementor-heading-title elementor-size-default\">Politique de confidentialit\u00e9<\/h1>\t\t\t\t<\/div>\n\t\t\t\t\t<\/div>\n\t\t\t\t<\/div>\n\t\t<div class=\"elementor-element elementor-element-ab66403 e-flex e-con-boxed e-con e-parent\" data-id=\"ab66403\" data-element_type=\"container\" id=\"why-convert\">\n\t\t\t\t\t<div class=\"e-con-inner\">\n\t\t\t\t<div class=\"elementor-element elementor-element-3c3f922 ko-hyperlink elementor-widget elementor-widget-text-editor\" data-id=\"3c3f922\" data-element_type=\"widget\" data-widget_type=\"text-editor.default\">\n\t\t\t\t\t\t\t\t\t<p>La pr\u00e9sente politique a pour objectif d\u2019informer les clients et prospects des conditions dans lesquelles Konvertilo collecte et traite leurs donn\u00e9es \u00e0 caract\u00e8re personnel lorsqu\u2019ils utilisent le site www.konvertilo.com.<\/p><p>Vous souhaitez entrer en contact avec Konvertilo sur www.konvertilo.com. Cela implique une collecte de donn\u00e9es personnelles vous concernant afin de pouvoir traiter votre demande ou vous adresser les informations souhait\u00e9es.<\/p><p>Konvertilo s\u2019engage, dans ce cadre, \u00e0 assurer la protection, la confidentialit\u00e9 et la s\u00e9curit\u00e9 des donn\u00e9es \u00e0 caract\u00e8re personnel conform\u00e9ment aux lois en vigueur sur la protection des donn\u00e9es.<\/p><p><b>Quelles sont les donn\u00e9es trait\u00e9es ?<\/b><\/p><p>konvertilo peut \u00eatre amen\u00e9e \u00e0 traiter vos donn\u00e9es personnelles collect\u00e9es directement via le formulaire en ligne. Il s\u2019agit essentiellement de donn\u00e9es d\u2019identit\u00e9, comme le nom, le pr\u00e9nom, la fonction, le nom de la soci\u00e9t\u00e9, l\u2019adresse email et le num\u00e9ro de t\u00e9l\u00e9phone.<\/p><p><b>Fondement et finalit\u00e9 de traitement des donn\u00e9es personnelles<\/b><\/p><p>Sur www.konvertilo.com, il vous est possible d\u2019adresser une demande via le formulaire de contact. Konvertilo traite vos donn\u00e9es pour r\u00e9pondre exclusivement \u00e0 vos demandes (prise de contact ou de rendez-vous, envoi de documents, etc).<\/p><p>C\u2019est donc uniquement avec votre consentement que nous traiterons vos donn\u00e9es personnelles.<\/p><p><b>Quels sont les destinataires des donn\u00e9es personnelles ?<\/b><\/p><p>Pour la r\u00e9alisation des finalit\u00e9s pr\u00e9cit\u00e9es, vos donn\u00e9es sont susceptibles d\u2019\u00eatre communiqu\u00e9es int\u00e9gralement ou en partie :<\/p><ul><li aria-level=\"1\">aux tiers l\u00e9galement habilit\u00e9s (ex : autorit\u00e9s de police dans le cadre des r\u00e9quisitions judiciaires) ;<\/li><li aria-level=\"1\">aux personnes qui, au sein de l\u2019organisme, sont charg\u00e9es de fournir les services demand\u00e9s ;<\/li><li aria-level=\"1\">les sous-traitants charg\u00e9s des services techniques (d\u00e9veloppement, h\u00e9bergement de sites web, messagerie, etc.).<\/li><\/ul><p><b>Quelle est la dur\u00e9e de conservation des donn\u00e9es personnelles ?<\/b><\/p><p>Les donn\u00e9es collect\u00e9es via le formulaire de contact sont enregistr\u00e9es dans un fichier informatis\u00e9 par Konvertilo et sont conserv\u00e9es pendant 3 ans.<\/p><p><b>S\u00e9curit\u00e9 des donn\u00e9es personnelles<\/b><\/p><p>Le responsable de traitement s\u2019engage \u00e0 garantir la confidentialit\u00e9 et la s\u00e9curit\u00e9 des donn\u00e9es personnelles trait\u00e9es. Il veille \u00e9galement \u00e0 l\u2019engagement des sous-traitants pour assurer la mise en \u0153uvre de mesures techniques et organisationnelles afin de vous garantir un niveau de s\u00e9curit\u00e9 appropri\u00e9.<\/p><p><b>Comment exercer vos droits ?<\/b><\/p><p>Vous disposez du droit de retirer votre consentement pour faire cesser l\u2019utilisation future de vos donn\u00e9es.<\/p><p>Conform\u00e9ment \u00e0 la loi \u201cinformatique et libert\u00e9s\u201d, vous pouvez exercer l\u2019ensemble de vos droits dont le droit d\u2019acc\u00e8s, de rectification, et de suppression sur le site sur lequel vous avez effectu\u00e9 vos demandes d\u2019information ou \u00e0 l\u2019adresse <a href=\"mailto:contact@konvertilo.com\">contact@konvertilo.com<\/a>.<\/p><p><b>Comment contacter le d\u00e9l\u00e9gu\u00e9 \u00e0 la protection des donn\u00e9es personnelles ?<\/b><\/p><p>Pour toute demande relative \u00e0 l\u2019exercice de vos droits et notamment de vos droits d\u2019acc\u00e8s, de rectification, de limitation de traitement, de suppression et\/ou d\u2019opposition, ou pour toute autre demande relative \u00e0 la protection des Donn\u00e9es personnelles, vous pouvez contacter notre DPO, \u00e0 l\u2019adresse suivante : <a href=\"mailto:contact@konvertilo.com\">contact@konvertilo.com<\/a>.<\/p><p>Ou bien<\/p><p>Konvertilo<br>\u00c0 l\u2019attention du D\u00e9l\u00e9gu\u00e9 \u00e0 la Protection des Donn\u00e9es (DPO)<br>38 rue de Berri<br>75008 Paris.<\/p><p>La pr\u00e9sente politique peut \u00eatre amen\u00e9e \u00e0 \u00e9voluer.<\/p>\t\t\t\t\t\t\t\t<\/div>\n\t\t\t\t\t<\/div>\n\t\t\t\t<\/div>\n\t\t\t\t<\/div>\n\t\t","protected":false},"excerpt":{"rendered":"<p>Politique de confidentialit\u00e9 La pr\u00e9sente politique a pour objectif d\u2019informer les clients et prospects des conditions dans lesquelles Konvertilo collecte et traite leurs donn\u00e9es \u00e0 caract\u00e8re personnel lorsqu\u2019ils utilisent le site www.konvertilo.com. Vous souhaitez entrer en contact avec Konvertilo sur www.konvertilo.com. Cela implique une collecte de donn\u00e9es personnelles vous concernant afin de pouvoir traiter votre [&hellip;]<\/p>\n","protected":false},"author":3,"featured_media":0,"parent":0,"menu_order":0,"comment_status":"closed","ping_status":"closed","template":"","meta":{"footnotes":""},"class_list":["post-1032","page","type-page","status-publish","hentry"],"yoast_head":"<!-- This site is optimized with the Yoast SEO plugin v26.8 - https:\/\/yoast.com\/product\/yoast-seo-wordpress\/ -->\n<title>Politique de confidentialit\u00e9 | Konvertilo<\/title>\n<meta name=\"robots\" content=\"noindex, nofollow\" \/>\n<meta property=\"og:locale\" content=\"fr_FR\" \/>\n<meta property=\"og:type\" content=\"article\" \/>\n<meta property=\"og:title\" content=\"Politique de confidentialit\u00e9 | Konvertilo\" \/>\n<meta property=\"og:description\" content=\"Politique de confidentialit\u00e9 La pr\u00e9sente politique a pour objectif d\u2019informer les clients et prospects des conditions dans lesquelles Konvertilo collecte et traite leurs donn\u00e9es \u00e0 caract\u00e8re personnel lorsqu\u2019ils utilisent le site www.konvertilo.com. Vous souhaitez entrer en contact avec Konvertilo sur www.konvertilo.com. Cela implique une collecte de donn\u00e9es personnelles vous concernant afin de pouvoir traiter votre [&hellip;]\" \/>\n<meta property=\"og:url\" content=\"https:\/\/konvertilo.com\/fr\/politique-de-confidentialite\/\" \/>\n<meta property=\"og:site_name\" content=\"Konvertilo\" \/>\n<meta property=\"article:modified_time\" content=\"2025-06-24T08:09:35+00:00\" \/>\n<meta property=\"og:image\" content=\"https:\/\/konvertilo.com\/wp-content\/uploads\/2025\/06\/Konvertilo-Transform_Your_ETL.jpg\" \/>\n\t<meta property=\"og:image:width\" content=\"1200\" \/>\n\t<meta property=\"og:image:height\" content=\"675\" \/>\n\t<meta property=\"og:image:type\" content=\"image\/jpeg\" \/>\n<meta name=\"twitter:card\" content=\"summary_large_image\" \/>\n<meta name=\"twitter:label1\" content=\"Dur\u00e9e de lecture estim\u00e9e\" \/>\n\t<meta name=\"twitter:data1\" content=\"3 minutes\" \/>\n<script type=\"application\/ld+json\" class=\"yoast-schema-graph\">{\"@context\":\"https:\/\/schema.org\",\"@graph\":[{\"@type\":\"WebPage\",\"@id\":\"https:\/\/konvertilo.com\/fr\/politique-de-confidentialite\/\",\"url\":\"https:\/\/konvertilo.com\/fr\/politique-de-confidentialite\/\",\"name\":\"Politique de confidentialit\u00e9 | Konvertilo\",\"isPartOf\":{\"@id\":\"https:\/\/konvertilo.com\/fr\/#website\"},\"datePublished\":\"2025-06-19T22:51:59+00:00\",\"dateModified\":\"2025-06-24T08:09:35+00:00\",\"breadcrumb\":{\"@id\":\"https:\/\/konvertilo.com\/fr\/politique-de-confidentialite\/#breadcrumb\"},\"inLanguage\":\"fr-FR\",\"potentialAction\":[{\"@type\":\"ReadAction\",\"target\":[\"https:\/\/konvertilo.com\/fr\/politique-de-confidentialite\/\"]}]},{\"@type\":\"BreadcrumbList\",\"@id\":\"https:\/\/konvertilo.com\/fr\/politique-de-confidentialite\/#breadcrumb\",\"itemListElement\":[{\"@type\":\"ListItem\",\"position\":1,\"name\":\"Accueil\",\"item\":\"https:\/\/konvertilo.com\/fr\/konvertilo-evaluer-convertir-et-securiser\/\"},{\"@type\":\"ListItem\",\"position\":2,\"name\":\"Politique de confidentialit\u00e9\"}]},{\"@type\":\"WebSite\",\"@id\":\"https:\/\/konvertilo.com\/fr\/#website\",\"url\":\"https:\/\/konvertilo.com\/fr\/\",\"name\":\"Konvertilo\",\"description\":\"Evaluate, convert and secure\",\"potentialAction\":[{\"@type\":\"SearchAction\",\"target\":{\"@type\":\"EntryPoint\",\"urlTemplate\":\"https:\/\/konvertilo.com\/fr\/?s={search_term_string}\"},\"query-input\":{\"@type\":\"PropertyValueSpecification\",\"valueRequired\":true,\"valueName\":\"search_term_string\"}}],\"inLanguage\":\"fr-FR\"}]}<\/script>\n<!-- \/ Yoast SEO plugin. -->","yoast_head_json":{"title":"Politique de confidentialit\u00e9 | Konvertilo","robots":{"index":"noindex","follow":"nofollow"},"og_locale":"fr_FR","og_type":"article","og_title":"Politique de confidentialit\u00e9 | Konvertilo","og_description":"Politique de confidentialit\u00e9 La pr\u00e9sente politique a pour objectif d\u2019informer les clients et prospects des conditions dans lesquelles Konvertilo collecte et traite leurs donn\u00e9es \u00e0 caract\u00e8re personnel lorsqu\u2019ils utilisent le site www.konvertilo.com. Vous souhaitez entrer en contact avec Konvertilo sur www.konvertilo.com. Cela implique une collecte de donn\u00e9es personnelles vous concernant afin de pouvoir traiter votre [&hellip;]","og_url":"https:\/\/konvertilo.com\/fr\/politique-de-confidentialite\/","og_site_name":"Konvertilo","article_modified_time":"2025-06-24T08:09:35+00:00","og_image":[{"width":1200,"height":675,"url":"https:\/\/konvertilo.com\/wp-content\/uploads\/2025\/06\/Konvertilo-Transform_Your_ETL.jpg","type":"image\/jpeg"}],"twitter_card":"summary_large_image","twitter_misc":{"Dur\u00e9e de lecture estim\u00e9e":"3 minutes"},"schema":{"@context":"https:\/\/schema.org","@graph":[{"@type":"WebPage","@id":"https:\/\/konvertilo.com\/fr\/politique-de-confidentialite\/","url":"https:\/\/konvertilo.com\/fr\/politique-de-confidentialite\/","name":"Politique de confidentialit\u00e9 | Konvertilo","isPartOf":{"@id":"https:\/\/konvertilo.com\/fr\/#website"},"datePublished":"2025-06-19T22:51:59+00:00","dateModified":"2025-06-24T08:09:35+00:00","breadcrumb":{"@id":"https:\/\/konvertilo.com\/fr\/politique-de-confidentialite\/#breadcrumb"},"inLanguage":"fr-FR","potentialAction":[{"@type":"ReadAction","target":["https:\/\/konvertilo.com\/fr\/politique-de-confidentialite\/"]}]},{"@type":"BreadcrumbList","@id":"https:\/\/konvertilo.com\/fr\/politique-de-confidentialite\/#breadcrumb","itemListElement":[{"@type":"ListItem","position":1,"name":"Accueil","item":"https:\/\/konvertilo.com\/fr\/konvertilo-evaluer-convertir-et-securiser\/"},{"@type":"ListItem","position":2,"name":"Politique de confidentialit\u00e9"}]},{"@type":"WebSite","@id":"https:\/\/konvertilo.com\/fr\/#website","url":"https:\/\/konvertilo.com\/fr\/","name":"Konvertilo","description":"Evaluate, convert and secure","potentialAction":[{"@type":"SearchAction","target":{"@type":"EntryPoint","urlTemplate":"https:\/\/konvertilo.com\/fr\/?s={search_term_string}"},"query-input":{"@type":"PropertyValueSpecification","valueRequired":true,"valueName":"search_term_string"}}],"inLanguage":"fr-FR"}]}},"_links":{"self":[{"href":"https:\/\/konvertilo.com\/fr\/wp-json\/wp\/v2\/pages\/1032","targetHints":{"allow":["GET"]}}],"collection":[{"href":"https:\/\/konvertilo.com\/fr\/wp-json\/wp\/v2\/pages"}],"about":[{"href":"https:\/\/konvertilo.com\/fr\/wp-json\/wp\/v2\/types\/page"}],"author":[{"embeddable":true,"href":"https:\/\/konvertilo.com\/fr\/wp-json\/wp\/v2\/users\/3"}],"replies":[{"embeddable":true,"href":"https:\/\/konvertilo.com\/fr\/wp-json\/wp\/v2\/comments?post=1032"}],"version-history":[{"count":3,"href":"https:\/\/konvertilo.com\/fr\/wp-json\/wp\/v2\/pages\/1032\/revisions"}],"predecessor-version":[{"id":1057,"href":"https:\/\/konvertilo.com\/fr\/wp-json\/wp\/v2\/pages\/1032\/revisions\/1057"}],"wp:attachment":[{"href":"https:\/\/konvertilo.com\/fr\/wp-json\/wp\/v2\/media?parent=1032"}],"curies":[{"name":"wp","href":"https:\/\/api.w.org\/{rel}","templated":true}]}}