{"id":1030,"date":"2025-06-19T18:37:56","date_gmt":"2025-06-19T16:37:56","guid":{"rendered":"https:\/\/konvertilo.com\/mentions-legales\/"},"modified":"2025-06-24T10:08:43","modified_gmt":"2025-06-24T08:08:43","slug":"mentions-legales","status":"publish","type":"page","link":"https:\/\/konvertilo.com\/fr\/mentions-legales\/","title":{"rendered":"Mentions l\u00e9gales"},"content":{"rendered":"\t\t<div data-elementor-type=\"wp-page\" data-elementor-id=\"1030\" class=\"elementor elementor-1030 elementor-597\" data-elementor-post-type=\"page\">\n\t\t\t\t<div class=\"elementor-element elementor-element-4aeb665 e-flex e-con-boxed e-con e-parent\" data-id=\"4aeb665\" data-element_type=\"container\" data-settings=\"{&quot;background_background&quot;:&quot;classic&quot;}\">\n\t\t\t\t\t<div class=\"e-con-inner\">\n\t\t\t\t<div class=\"elementor-element elementor-element-f2b9d3f elementor-widget elementor-widget-heading\" data-id=\"f2b9d3f\" data-element_type=\"widget\" data-widget_type=\"heading.default\">\n\t\t\t\t\t<h1 class=\"elementor-heading-title elementor-size-default\">Mentions l\u00e9gales<\/h1>\t\t\t\t<\/div>\n\t\t\t\t\t<\/div>\n\t\t\t\t<\/div>\n\t\t<div class=\"elementor-element elementor-element-ab66403 e-flex e-con-boxed e-con e-parent\" data-id=\"ab66403\" data-element_type=\"container\" id=\"why-convert\">\n\t\t\t\t\t<div class=\"e-con-inner\">\n\t\t\t\t<div class=\"elementor-element elementor-element-d68bd92 elementor-widget elementor-widget-heading\" data-id=\"d68bd92\" data-element_type=\"widget\" data-widget_type=\"heading.default\">\n\t\t\t\t\t<h2 class=\"elementor-heading-title elementor-size-default\">1. Informations \u00e9diteur<\/h2>\t\t\t\t<\/div>\n\t\t\t\t<div class=\"elementor-element elementor-element-3c3f922 ko-hyperlink elementor-widget elementor-widget-text-editor\" data-id=\"3c3f922\" data-element_type=\"widget\" data-widget_type=\"text-editor.default\">\n\t\t\t\t\t\t\t\t\t<p>\u00c9diteur : Soci\u00e9t\u00e9 par Actions Simplifi\u00e9e Konvertilo domicili\u00e9e au 38 rue de Berri, 75008 Paris, FRANCE. <\/p><ul><li>Directeur de la publication : Herv\u00e9 CIARAVOLO-SILVAIN<\/li><li>T\u00e9l. : +33 7 67 300 322<\/li><li>Email : <a href=\"mailto:info-legal@konvertilo.com\">info-legal@konvertilo.com<\/a><\/li><li>TVA intracommunautaire : FR 82 980 827 810<\/li><li>Num\u00e9ro SIRET : 980 827 810 00014<\/li><\/ul>\t\t\t\t\t\t\t\t<\/div>\n\t\t\t\t<div class=\"elementor-element elementor-element-cddd861 elementor-widget elementor-widget-heading\" data-id=\"cddd861\" data-element_type=\"widget\" data-widget_type=\"heading.default\">\n\t\t\t\t\t<h2 class=\"elementor-heading-title elementor-size-default\">2. Cr\u00e9dits<\/h2>\t\t\t\t<\/div>\n\t\t\t\t<div class=\"elementor-element elementor-element-d638314 ko-hyperlink  elementor-widget elementor-widget-text-editor\" data-id=\"d638314\" data-element_type=\"widget\" data-widget_type=\"text-editor.default\">\n\t\t\t\t\t\t\t\t\t<ul><li aria-level=\"1\">Outil de gestion de contenu : WordPress<\/li><li aria-level=\"1\">Conception et r\u00e9alisation du site : <a href=\"https:\/\/balbuzard.fr\/\">Balbuzard<\/a><\/li><li aria-level=\"1\">H\u00e9bergement :<a href=\"https:\/\/www.ovhcloud.com\/fr\/\"> OVH SARL<\/a> 140, quai du Sartel \u2013 59100 Roubaix ; T\u00e9l. : 0899 498 765<\/li><\/ul>\t\t\t\t\t\t\t\t<\/div>\n\t\t\t\t<div class=\"elementor-element elementor-element-33f9580 elementor-widget elementor-widget-heading\" data-id=\"33f9580\" data-element_type=\"widget\" data-widget_type=\"heading.default\">\n\t\t\t\t\t<h2 class=\"elementor-heading-title elementor-size-default\">3. Propri\u00e9t\u00e9 intellectuelle et droits d'utilisation<\/h2>\t\t\t\t<\/div>\n\t\t\t\t<div class=\"elementor-element elementor-element-752beb6 elementor-widget elementor-widget-text-editor\" data-id=\"752beb6\" data-element_type=\"widget\" data-widget_type=\"text-editor.default\">\n\t\t\t\t\t\t\t\t\t<p>Le contenu de ce site est prot\u00e9g\u00e9 au titre de la propri\u00e9t\u00e9 litt\u00e9raire et artistique, de la Convention de Berne et du Code de la Propri\u00e9t\u00e9 Intellectuelle, Livre I.<\/p><p>Toute reproduction, autre que pour l&rsquo;usage priv\u00e9 de l&rsquo;utilisateur du site, en vue notamment d&rsquo;une diffusion publique par quelque moyen que ce soit, est strictement interdite sans l&rsquo;autorisation pr\u00e9alable et \u00e9crite du webmaster du site.<\/p><p>Toute repr\u00e9sentation, modification, publication, transmission, d\u00e9naturation totale ou partielle du site ou de son contenu, par quelque proc\u00e9d\u00e9 que ce soit et sur quelque support que ce soit, est interdite.<\/p><p>L&rsquo;utilisateur est responsable de toute utilisation non autoris\u00e9e du site ou de son contenu, ou des informations qui y sont divulgu\u00e9es, qui constituerait une contrefa\u00e7on sanctionn\u00e9e par les articles L. 335-2 et suivants du Code de la Propri\u00e9t\u00e9 Intellectuelle. <\/p><p>Il en est de m\u00eame des bases de donn\u00e9es figurant, le cas \u00e9ch\u00e9ant, sur le site web de l&rsquo;Editeur, qui sont prot\u00e9g\u00e9es par les dispositions de la loi du 1<sup>er<\/sup> juillet 1998 portant transposition dans le Code de la propri\u00e9t\u00e9 intellectuelle de la directive europ\u00e9enne du 11 mars 1996 relative \u00e0 la protection juridique des bases de donn\u00e9es. A ce titre, toute reproduction ou extraction engagerait la responsabilit\u00e9 de l&rsquo;utilisateur. <\/p><p>Les marques et logos de l&rsquo;\u00c9diteur figurant sur le site sont prot\u00e9g\u00e9s.<\/p><p>Toute reproduction ou repr\u00e9sentation totale ou partielle de ces marques ou de ces logos, seules ou int\u00e9gr\u00e9es \u00e0 d&rsquo;autres \u00e9l\u00e9ments, sans l&rsquo;autorisation expresse et pr\u00e9alable de l&rsquo;\u00c9diteur, est prohib\u00e9e et engagerait la responsabilit\u00e9 de l&rsquo;utilisateur au sens des articles L. 713-2 et L 713-3 du Code de la Propri\u00e9t\u00e9 Intellectuelle.<\/p><p>L&rsquo;utilisateur s&rsquo;engage, sous peine de voir sa responsabilit\u00e9 civile ou p\u00e9nale engag\u00e9e, \u00e0 ne pas utiliser le site de l&rsquo;\u00e9diteur pour :<\/p><ul><li aria-level=\"1\">transmettre par quelque proc\u00e9d\u00e9 que ce soit (email ou autres) tout contenu incluant des programmes, des codes, des virus, etc. destin\u00e9s \u00e0 d\u00e9truire ou limiter les fonctionnalit\u00e9s du site de l&rsquo;\u00c9diteur,<\/li><li aria-level=\"1\">transmettre par quelque proc\u00e9d\u00e9 que ce soit (e-mail ou autres) dans les services interactifs propos\u00e9s par le site Internet de l&rsquo;\u00c9diteur, tout contenu illicite ou nuisible, et notamment des messages \u00e0 caract\u00e8re injurieux, insultant, diffamant, d\u00e9nigrant, d\u00e9gradant, raciste, x\u00e9nophobe, sexiste, pornographique, mena\u00e7ant, ou qui pourrait inciter \u00e0 la haine ou au harc\u00e8lement, et qui irait \u00e0 l\u2019encontre du droit au respect de la vie priv\u00e9e ou sans rapport avec les sujets propos\u00e9s,<\/li><li aria-level=\"1\">transmettre par quelque proc\u00e9d\u00e9 que ce soit, tout contenu violant les droits de propri\u00e9t\u00e9 intellectuelle, industrielle, les droits de la personne, etc.<\/li><\/ul><p>L\u2019\u00c9diteur se r\u00e9serve la facult\u00e9, dans le cadre de ses services interactifs, de supprimer imm\u00e9diatement et sans mise en demeure pr\u00e9alable, tout contenu de quelque nature que ce soit, et notamment tout message, texte, image, graphisme, etc. qui contreviendrait aux lois et r\u00e8glements en vigueur et notamment les r\u00e9glementations d\u00e9crites ci-dessus.<\/p>\t\t\t\t\t\t\t\t<\/div>\n\t\t\t\t<div class=\"elementor-element elementor-element-da3c0a2 elementor-widget elementor-widget-heading\" data-id=\"da3c0a2\" data-element_type=\"widget\" data-widget_type=\"heading.default\">\n\t\t\t\t\t<h2 class=\"elementor-heading-title elementor-size-default\">4. Informations continues sur le site<\/h2>\t\t\t\t<\/div>\n\t\t\t\t<div class=\"elementor-element elementor-element-facea0e elementor-widget elementor-widget-text-editor\" data-id=\"facea0e\" data-element_type=\"widget\" data-widget_type=\"text-editor.default\">\n\t\t\t\t\t\t\t\t\t<p>Les documents et informations que l\u2019\u00c9diteur diffuse en version \u00e9lectronique sur ce site font l\u2019objet de nombreuses relectures ; ils peuvent toutefois contenir des erreurs. Si vous en constatez, n\u2019h\u00e9sitez pas \u00e0 le faire savoir en contactant le webmaster de ce site, afin qu\u2019il soit proc\u00e9d\u00e9 aux rectifications correspondantes. <\/p><p>Les informations communiqu\u00e9es sur ce site sont fournies \u00e0 titre informatif ; elles ne sont pas contractuelles et ne peuvent engager la responsabilit\u00e9 de l\u2019\u00c9diteur. Elles peuvent \u00eatre modifi\u00e9es ou mises \u00e0 jour sans pr\u00e9avis. L\u2019\u00c9diteur se r\u00e9serve le droit, \u00e0 tout moment et sans pr\u00e9avis, d\u2019apporter des am\u00e9liorations et\/ou des modifications au site.  <\/p><p>L\u2019\u00c9diteur ne saurait \u00eatre tenu responsable d\u2019\u00e9ventuels dommages directs ou indirects pouvant d\u00e9couler de l\u2019acc\u00e8s ou utilisation de ce site, ou d\u2019un dommage ou virus qui pourrait affecter l\u2019ordinateur ou autre mat\u00e9riel informatique de l\u2019utilisateur.<br>Plus g\u00e9n\u00e9ralement, l\u2019\u00c9diteur ne donne aucune garantie expresse ou tacite sur tout ou partie du site.<\/p>\t\t\t\t\t\t\t\t<\/div>\n\t\t\t\t<div class=\"elementor-element elementor-element-e1befc6 elementor-widget elementor-widget-heading\" data-id=\"e1befc6\" data-element_type=\"widget\" data-widget_type=\"heading.default\">\n\t\t\t\t\t<h2 class=\"elementor-heading-title elementor-size-default\">5. Modifications des termes et conditions\n<\/h2>\t\t\t\t<\/div>\n\t\t\t\t<div class=\"elementor-element elementor-element-be247b6 elementor-widget elementor-widget-text-editor\" data-id=\"be247b6\" data-element_type=\"widget\" data-widget_type=\"text-editor.default\">\n\t\t\t\t\t\t\t\t\t<p>L\u2019\u00c9diteur peut, \u00e0 tout moment, modifier les pr\u00e9sentes conditions en actualisant ce site. Ces modifications vous engagent et nous vous recommandons de consulter r\u00e9guli\u00e8rement ce site pour prendre connaissance des termes et conditions en vigueur. <\/p>\t\t\t\t\t\t\t\t<\/div>\n\t\t\t\t<div class=\"elementor-element elementor-element-49839bf elementor-widget elementor-widget-heading\" data-id=\"49839bf\" data-element_type=\"widget\" data-widget_type=\"heading.default\">\n\t\t\t\t\t<h2 class=\"elementor-heading-title elementor-size-default\">6. Vie priv\u00e9e, vos donn\u00e9es personnelles<\/h2>\t\t\t\t<\/div>\n\t\t\t\t<div class=\"elementor-element elementor-element-4b5b49c ko-hyperlink elementor-widget elementor-widget-text-editor\" data-id=\"4b5b49c\" data-element_type=\"widget\" data-widget_type=\"text-editor.default\">\n\t\t\t\t\t\t\t\t\t<p>La confidentialit\u00e9 de vos donn\u00e9es personnelles est importante pour nous. <\/p><p>Nous pouvons collecter des informations personnelles via le formulaire de contact pr\u00e9sent sur ce site web. Veuillez consulter notre <a href=\"https:\/\/konvertilo.com\/fr\/politique-de-confidentialite\/\">politique de confidentialit\u00e9.<\/a><\/p>\t\t\t\t\t\t\t\t<\/div>\n\t\t\t\t<div class=\"elementor-element elementor-element-39adfae elementor-widget elementor-widget-heading\" data-id=\"39adfae\" data-element_type=\"widget\" data-widget_type=\"heading.default\">\n\t\t\t\t\t<h2 class=\"elementor-heading-title elementor-size-default\">7. Collecte de donn\u00e9es via le formulaire de contact <\/h2>\t\t\t\t<\/div>\n\t\t\t\t<div class=\"elementor-element elementor-element-5ce783a elementor-widget elementor-widget-text-editor\" data-id=\"5ce783a\" data-element_type=\"widget\" data-widget_type=\"text-editor.default\">\n\t\t\t\t\t\t\t\t\t<p>Les informations recueillies sur ce formulaire sont enregistr\u00e9es dans un fichier informatis\u00e9 utilis\u00e9 par Konvertilo pour d\u00e9poser une demande de contact. <\/p><p>Elles sont conserv\u00e9es pendant 1 an et sont destin\u00e9es au responsable de la soci\u00e9t\u00e9.<\/p><p>Conform\u00e9ment \u00e0 la loi \u00ab informations et libert\u00e9s \u00bb, vous pouvez exercer votre droit d\u2019acc\u00e8s aux donn\u00e9es vous concernant et les faire rectifier en contactant : Konvertilo, 38 rue de Berri, 75008 Paris.<\/p>\t\t\t\t\t\t\t\t<\/div>\n\t\t\t\t<div class=\"elementor-element elementor-element-7baed4b elementor-widget elementor-widget-heading\" data-id=\"7baed4b\" data-element_type=\"widget\" data-widget_type=\"heading.default\">\n\t\t\t\t\t<h2 class=\"elementor-heading-title elementor-size-default\">8. Droit applicable et attribution de juridiction<\/h2>\t\t\t\t<\/div>\n\t\t\t\t<div class=\"elementor-element elementor-element-0348bfb elementor-widget elementor-widget-text-editor\" data-id=\"0348bfb\" data-element_type=\"widget\" data-widget_type=\"text-editor.default\">\n\t\t\t\t\t\t\t\t\t<p>Tout litige en relation avec l\u2019utilisation du site https:\/\/konvertilo.com est soumis au droit fran\u00e7ais. Il est fait attribution exclusive de juridiction aux tribunaux comp\u00e9tents de Paris. <\/p>\t\t\t\t\t\t\t\t<\/div>\n\t\t\t\t\t<\/div>\n\t\t\t\t<\/div>\n\t\t\t\t<\/div>\n\t\t","protected":false},"excerpt":{"rendered":"<p>Mentions l\u00e9gales 1. Informations \u00e9diteur \u00c9diteur : Soci\u00e9t\u00e9 par Actions Simplifi\u00e9e Konvertilo domicili\u00e9e au 38 rue de Berri, 75008 Paris, FRANCE. Directeur de la publication : Herv\u00e9 CIARAVOLO-SILVAIN T\u00e9l. : +33 7 67 300 322 Email : info-legal@konvertilo.com TVA intracommunautaire : FR 82 980 827 810 Num\u00e9ro SIRET : 980 827 810 00014 2. Cr\u00e9dits [&hellip;]<\/p>\n","protected":false},"author":3,"featured_media":0,"parent":0,"menu_order":0,"comment_status":"closed","ping_status":"closed","template":"","meta":{"footnotes":""},"class_list":["post-1030","page","type-page","status-publish","hentry"],"yoast_head":"<!-- This site is optimized with the Yoast SEO plugin v26.8 - https:\/\/yoast.com\/product\/yoast-seo-wordpress\/ -->\n<title>Mentions l\u00e9gales | Konvertilo<\/title>\n<meta name=\"robots\" content=\"noindex, nofollow\" \/>\n<meta property=\"og:locale\" content=\"fr_FR\" \/>\n<meta property=\"og:type\" content=\"article\" \/>\n<meta property=\"og:title\" content=\"Mentions l\u00e9gales | Konvertilo\" \/>\n<meta property=\"og:description\" content=\"Mentions l\u00e9gales 1. Informations \u00e9diteur \u00c9diteur : Soci\u00e9t\u00e9 par Actions Simplifi\u00e9e Konvertilo domicili\u00e9e au 38 rue de Berri, 75008 Paris, FRANCE. Directeur de la publication : Herv\u00e9 CIARAVOLO-SILVAIN T\u00e9l. : +33 7 67 300 322 Email : info-legal@konvertilo.com TVA intracommunautaire : FR 82 980 827 810 Num\u00e9ro SIRET : 980 827 810 00014 2. Cr\u00e9dits [&hellip;]\" \/>\n<meta property=\"og:url\" content=\"https:\/\/konvertilo.com\/fr\/mentions-legales\/\" \/>\n<meta property=\"og:site_name\" content=\"Konvertilo\" \/>\n<meta property=\"article:modified_time\" content=\"2025-06-24T08:08:43+00:00\" \/>\n<meta property=\"og:image\" content=\"https:\/\/konvertilo.com\/wp-content\/uploads\/2025\/06\/Konvertilo-Transform_Your_ETL.jpg\" \/>\n\t<meta property=\"og:image:width\" content=\"1200\" \/>\n\t<meta property=\"og:image:height\" content=\"675\" \/>\n\t<meta property=\"og:image:type\" content=\"image\/jpeg\" \/>\n<meta name=\"twitter:card\" content=\"summary_large_image\" \/>\n<meta name=\"twitter:label1\" content=\"Dur\u00e9e de lecture estim\u00e9e\" \/>\n\t<meta name=\"twitter:data1\" content=\"5 minutes\" \/>\n<script type=\"application\/ld+json\" class=\"yoast-schema-graph\">{\"@context\":\"https:\/\/schema.org\",\"@graph\":[{\"@type\":\"WebPage\",\"@id\":\"https:\/\/konvertilo.com\/fr\/mentions-legales\/\",\"url\":\"https:\/\/konvertilo.com\/fr\/mentions-legales\/\",\"name\":\"Mentions l\u00e9gales | Konvertilo\",\"isPartOf\":{\"@id\":\"https:\/\/konvertilo.com\/fr\/#website\"},\"datePublished\":\"2025-06-19T16:37:56+00:00\",\"dateModified\":\"2025-06-24T08:08:43+00:00\",\"breadcrumb\":{\"@id\":\"https:\/\/konvertilo.com\/fr\/mentions-legales\/#breadcrumb\"},\"inLanguage\":\"fr-FR\",\"potentialAction\":[{\"@type\":\"ReadAction\",\"target\":[\"https:\/\/konvertilo.com\/fr\/mentions-legales\/\"]}]},{\"@type\":\"BreadcrumbList\",\"@id\":\"https:\/\/konvertilo.com\/fr\/mentions-legales\/#breadcrumb\",\"itemListElement\":[{\"@type\":\"ListItem\",\"position\":1,\"name\":\"Accueil\",\"item\":\"https:\/\/konvertilo.com\/fr\/konvertilo-evaluer-convertir-et-securiser\/\"},{\"@type\":\"ListItem\",\"position\":2,\"name\":\"Mentions l\u00e9gales\"}]},{\"@type\":\"WebSite\",\"@id\":\"https:\/\/konvertilo.com\/fr\/#website\",\"url\":\"https:\/\/konvertilo.com\/fr\/\",\"name\":\"Konvertilo\",\"description\":\"Evaluate, convert and secure\",\"potentialAction\":[{\"@type\":\"SearchAction\",\"target\":{\"@type\":\"EntryPoint\",\"urlTemplate\":\"https:\/\/konvertilo.com\/fr\/?s={search_term_string}\"},\"query-input\":{\"@type\":\"PropertyValueSpecification\",\"valueRequired\":true,\"valueName\":\"search_term_string\"}}],\"inLanguage\":\"fr-FR\"}]}<\/script>\n<!-- \/ Yoast SEO plugin. -->","yoast_head_json":{"title":"Mentions l\u00e9gales | Konvertilo","robots":{"index":"noindex","follow":"nofollow"},"og_locale":"fr_FR","og_type":"article","og_title":"Mentions l\u00e9gales | Konvertilo","og_description":"Mentions l\u00e9gales 1. Informations \u00e9diteur \u00c9diteur : Soci\u00e9t\u00e9 par Actions Simplifi\u00e9e Konvertilo domicili\u00e9e au 38 rue de Berri, 75008 Paris, FRANCE. Directeur de la publication : Herv\u00e9 CIARAVOLO-SILVAIN T\u00e9l. : +33 7 67 300 322 Email : info-legal@konvertilo.com TVA intracommunautaire : FR 82 980 827 810 Num\u00e9ro SIRET : 980 827 810 00014 2. Cr\u00e9dits [&hellip;]","og_url":"https:\/\/konvertilo.com\/fr\/mentions-legales\/","og_site_name":"Konvertilo","article_modified_time":"2025-06-24T08:08:43+00:00","og_image":[{"width":1200,"height":675,"url":"https:\/\/konvertilo.com\/wp-content\/uploads\/2025\/06\/Konvertilo-Transform_Your_ETL.jpg","type":"image\/jpeg"}],"twitter_card":"summary_large_image","twitter_misc":{"Dur\u00e9e de lecture estim\u00e9e":"5 minutes"},"schema":{"@context":"https:\/\/schema.org","@graph":[{"@type":"WebPage","@id":"https:\/\/konvertilo.com\/fr\/mentions-legales\/","url":"https:\/\/konvertilo.com\/fr\/mentions-legales\/","name":"Mentions l\u00e9gales | Konvertilo","isPartOf":{"@id":"https:\/\/konvertilo.com\/fr\/#website"},"datePublished":"2025-06-19T16:37:56+00:00","dateModified":"2025-06-24T08:08:43+00:00","breadcrumb":{"@id":"https:\/\/konvertilo.com\/fr\/mentions-legales\/#breadcrumb"},"inLanguage":"fr-FR","potentialAction":[{"@type":"ReadAction","target":["https:\/\/konvertilo.com\/fr\/mentions-legales\/"]}]},{"@type":"BreadcrumbList","@id":"https:\/\/konvertilo.com\/fr\/mentions-legales\/#breadcrumb","itemListElement":[{"@type":"ListItem","position":1,"name":"Accueil","item":"https:\/\/konvertilo.com\/fr\/konvertilo-evaluer-convertir-et-securiser\/"},{"@type":"ListItem","position":2,"name":"Mentions l\u00e9gales"}]},{"@type":"WebSite","@id":"https:\/\/konvertilo.com\/fr\/#website","url":"https:\/\/konvertilo.com\/fr\/","name":"Konvertilo","description":"Evaluate, convert and secure","potentialAction":[{"@type":"SearchAction","target":{"@type":"EntryPoint","urlTemplate":"https:\/\/konvertilo.com\/fr\/?s={search_term_string}"},"query-input":{"@type":"PropertyValueSpecification","valueRequired":true,"valueName":"search_term_string"}}],"inLanguage":"fr-FR"}]}},"_links":{"self":[{"href":"https:\/\/konvertilo.com\/fr\/wp-json\/wp\/v2\/pages\/1030","targetHints":{"allow":["GET"]}}],"collection":[{"href":"https:\/\/konvertilo.com\/fr\/wp-json\/wp\/v2\/pages"}],"about":[{"href":"https:\/\/konvertilo.com\/fr\/wp-json\/wp\/v2\/types\/page"}],"author":[{"embeddable":true,"href":"https:\/\/konvertilo.com\/fr\/wp-json\/wp\/v2\/users\/3"}],"replies":[{"embeddable":true,"href":"https:\/\/konvertilo.com\/fr\/wp-json\/wp\/v2\/comments?post=1030"}],"version-history":[{"count":4,"href":"https:\/\/konvertilo.com\/fr\/wp-json\/wp\/v2\/pages\/1030\/revisions"}],"predecessor-version":[{"id":1055,"href":"https:\/\/konvertilo.com\/fr\/wp-json\/wp\/v2\/pages\/1030\/revisions\/1055"}],"wp:attachment":[{"href":"https:\/\/konvertilo.com\/fr\/wp-json\/wp\/v2\/media?parent=1030"}],"curies":[{"name":"wp","href":"https:\/\/api.w.org\/{rel}","templated":true}]}}