{"id":1026,"date":"2025-06-19T14:40:47","date_gmt":"2025-06-19T12:40:47","guid":{"rendered":"https:\/\/konvertilo.com\/questions-frequemment-posees\/"},"modified":"2025-06-24T12:22:36","modified_gmt":"2025-06-24T10:22:36","slug":"questions-frequemment-posees","status":"publish","type":"page","link":"https:\/\/konvertilo.com\/fr\/questions-frequemment-posees\/","title":{"rendered":"Foire aux questions"},"content":{"rendered":"\t\t<div data-elementor-type=\"wp-page\" data-elementor-id=\"1026\" class=\"elementor elementor-1026 elementor-485\" data-elementor-post-type=\"page\">\n\t\t\t\t<div class=\"elementor-element elementor-element-4aeb665 e-flex e-con-boxed e-con e-parent\" data-id=\"4aeb665\" data-element_type=\"container\" data-settings=\"{&quot;background_background&quot;:&quot;classic&quot;}\">\n\t\t\t\t\t<div class=\"e-con-inner\">\n\t\t\t\t<div class=\"elementor-element elementor-element-f2b9d3f elementor-widget elementor-widget-heading\" data-id=\"f2b9d3f\" data-element_type=\"widget\" data-widget_type=\"heading.default\">\n\t\t\t\t\t<h1 class=\"elementor-heading-title elementor-size-default\">Migrations ETL avec Konvertilo<\/h1>\t\t\t\t<\/div>\n\t\t\t\t<div class=\"elementor-element elementor-element-1e0c51e elementor-widget elementor-widget-text-editor\" data-id=\"1e0c51e\" data-element_type=\"widget\" data-widget_type=\"text-editor.default\">\n\t\t\t\t\t\t\t\t\t<p>Trouvez rapidement les r\u00e9ponses aux questions les plus fr\u00e9quentes.<\/p>\t\t\t\t\t\t\t\t<\/div>\n\t\t\t\t\t<\/div>\n\t\t\t\t<\/div>\n\t\t<div class=\"elementor-element elementor-element-ab66403 e-flex e-con-boxed e-con e-parent\" data-id=\"ab66403\" data-element_type=\"container\" id=\"why-convert\">\n\t\t\t\t\t<div class=\"e-con-inner\">\n\t\t\t\t<div class=\"elementor-element elementor-element-32f194f elementor-widget elementor-widget-n-accordion\" data-id=\"32f194f\" data-element_type=\"widget\" data-settings=\"{&quot;max_items_expended&quot;:&quot;multiple&quot;,&quot;default_state&quot;:&quot;expanded&quot;,&quot;n_accordion_animation_duration&quot;:{&quot;unit&quot;:&quot;ms&quot;,&quot;size&quot;:400,&quot;sizes&quot;:[]}}\" data-widget_type=\"nested-accordion.default\">\n\t\t\t\t\t\t\t<div class=\"e-n-accordion\" aria-label=\"Accordion. Open links with Enter or Space, close with Escape, and navigate with Arrow Keys\">\n\t\t\t\t\t\t<details id=\"e-n-accordion-item-5340\" class=\"e-n-accordion-item\" open>\n\t\t\t\t<summary class=\"e-n-accordion-item-title\" data-accordion-index=\"1\" tabindex=\"0\" aria-expanded=\"true\" aria-controls=\"e-n-accordion-item-5340\" >\n\t\t\t\t\t<span class='e-n-accordion-item-title-header'><div class=\"e-n-accordion-item-title-text\"> Quels ETL sont support\u00e9s ? <\/div><\/span>\n\t\t\t\t\t\t\t<span class='e-n-accordion-item-title-icon'>\n\t\t\t<span class='e-opened' ><svg aria-hidden=\"true\" class=\"e-font-icon-svg e-fas-minus\" viewBox=\"0 0 448 512\" xmlns=\"http:\/\/www.w3.org\/2000\/svg\"><path d=\"M416 208H32c-17.67 0-32 14.33-32 32v32c0 17.67 14.33 32 32 32h384c17.67 0 32-14.33 32-32v-32c0-17.67-14.33-32-32-32z\"><\/path><\/svg><\/span>\n\t\t\t<span class='e-closed'><svg aria-hidden=\"true\" class=\"e-font-icon-svg e-fas-plus\" viewBox=\"0 0 448 512\" xmlns=\"http:\/\/www.w3.org\/2000\/svg\"><path d=\"M416 208H272V64c0-17.67-14.33-32-32-32h-32c-17.67 0-32 14.33-32 32v144H32c-17.67 0-32 14.33-32 32v32c0 17.67 14.33 32 32 32h144v144c0 17.67 14.33 32 32 32h32c17.67 0 32-14.33 32-32V304h144c17.67 0 32-14.33 32-32v-32c0-17.67-14.33-32-32-32z\"><\/path><\/svg><\/span>\n\t\t<\/span>\n\n\t\t\t\t\t\t<\/summary>\n\t\t\t\t<div role=\"region\" aria-labelledby=\"e-n-accordion-item-5340\" class=\"elementor-element elementor-element-c2b2806 e-con-full e-flex e-con e-child\" data-id=\"c2b2806\" data-element_type=\"container\">\n\t\t\t\t<div class=\"elementor-element elementor-element-95173ad elementor-widget elementor-widget-text-editor\" data-id=\"95173ad\" data-element_type=\"widget\" data-widget_type=\"text-editor.default\">\n\t\t\t\t\t\t\t\t\t<p>Pour le moment, PowerCenter, Talend, Talaxie sont support\u00e9s. Il est possible d&rsquo;en ajouter \u00e0 la demande. <\/p>\t\t\t\t\t\t\t\t<\/div>\n\t\t\t\t<\/div>\n\t\t\t\t\t<\/details>\n\t\t\t\t\t\t<details id=\"e-n-accordion-item-5341\" class=\"e-n-accordion-item\" >\n\t\t\t\t<summary class=\"e-n-accordion-item-title\" data-accordion-index=\"2\" tabindex=\"-1\" aria-expanded=\"false\" aria-controls=\"e-n-accordion-item-5341\" >\n\t\t\t\t\t<span class='e-n-accordion-item-title-header'><div class=\"e-n-accordion-item-title-text\"> Comment peut-on estimer le nombre de flux et le co\u00fbt ? <\/div><\/span>\n\t\t\t\t\t\t\t<span class='e-n-accordion-item-title-icon'>\n\t\t\t<span class='e-opened' ><svg aria-hidden=\"true\" class=\"e-font-icon-svg e-fas-minus\" viewBox=\"0 0 448 512\" xmlns=\"http:\/\/www.w3.org\/2000\/svg\"><path d=\"M416 208H32c-17.67 0-32 14.33-32 32v32c0 17.67 14.33 32 32 32h384c17.67 0 32-14.33 32-32v-32c0-17.67-14.33-32-32-32z\"><\/path><\/svg><\/span>\n\t\t\t<span class='e-closed'><svg aria-hidden=\"true\" class=\"e-font-icon-svg e-fas-plus\" viewBox=\"0 0 448 512\" xmlns=\"http:\/\/www.w3.org\/2000\/svg\"><path d=\"M416 208H272V64c0-17.67-14.33-32-32-32h-32c-17.67 0-32 14.33-32 32v144H32c-17.67 0-32 14.33-32 32v32c0 17.67 14.33 32 32 32h144v144c0 17.67 14.33 32 32 32h32c17.67 0 32-14.33 32-32V304h144c17.67 0 32-14.33 32-32v-32c0-17.67-14.33-32-32-32z\"><\/path><\/svg><\/span>\n\t\t<\/span>\n\n\t\t\t\t\t\t<\/summary>\n\t\t\t\t<div role=\"region\" aria-labelledby=\"e-n-accordion-item-5341\" class=\"elementor-element elementor-element-66c738b e-con-full e-flex e-con e-child\" data-id=\"66c738b\" data-element_type=\"container\">\n\t\t\t\t<div class=\"elementor-element elementor-element-8db3540 elementor-widget elementor-widget-text-editor\" data-id=\"8db3540\" data-element_type=\"widget\" data-widget_type=\"text-editor.default\">\n\t\t\t\t\t\t\t\t\t<p>Nous fournissons 2 niveaux d&rsquo;analyse :<br>1) une analyse simple qui permet d&rsquo;avoir quelques statistiques et pour commencer la discussion.<br>2) une analyse plus compl\u00e8te qui fournit un grand nombre d&rsquo;informations, de statistiques, pour estimer le risque, le co\u00fbt et la dur\u00e9e d&rsquo;un tel projet.<\/p>\t\t\t\t\t\t\t\t<\/div>\n\t\t\t\t<\/div>\n\t\t\t\t\t<\/details>\n\t\t\t\t\t\t<details id=\"e-n-accordion-item-5342\" class=\"e-n-accordion-item\" >\n\t\t\t\t<summary class=\"e-n-accordion-item-title\" data-accordion-index=\"3\" tabindex=\"-1\" aria-expanded=\"false\" aria-controls=\"e-n-accordion-item-5342\" >\n\t\t\t\t\t<span class='e-n-accordion-item-title-header'><div class=\"e-n-accordion-item-title-text\"> Quel type de flux peut-on convertir ? <\/div><\/span>\n\t\t\t\t\t\t\t<span class='e-n-accordion-item-title-icon'>\n\t\t\t<span class='e-opened' ><svg aria-hidden=\"true\" class=\"e-font-icon-svg e-fas-minus\" viewBox=\"0 0 448 512\" xmlns=\"http:\/\/www.w3.org\/2000\/svg\"><path d=\"M416 208H32c-17.67 0-32 14.33-32 32v32c0 17.67 14.33 32 32 32h384c17.67 0 32-14.33 32-32v-32c0-17.67-14.33-32-32-32z\"><\/path><\/svg><\/span>\n\t\t\t<span class='e-closed'><svg aria-hidden=\"true\" class=\"e-font-icon-svg e-fas-plus\" viewBox=\"0 0 448 512\" xmlns=\"http:\/\/www.w3.org\/2000\/svg\"><path d=\"M416 208H272V64c0-17.67-14.33-32-32-32h-32c-17.67 0-32 14.33-32 32v144H32c-17.67 0-32 14.33-32 32v32c0 17.67 14.33 32 32 32h144v144c0 17.67 14.33 32 32 32h32c17.67 0 32-14.33 32-32V304h144c17.67 0 32-14.33 32-32v-32c0-17.67-14.33-32-32-32z\"><\/path><\/svg><\/span>\n\t\t<\/span>\n\n\t\t\t\t\t\t<\/summary>\n\t\t\t\t<div role=\"region\" aria-labelledby=\"e-n-accordion-item-5342\" class=\"elementor-element elementor-element-4836bb1 e-con-full e-flex e-con e-child\" data-id=\"4836bb1\" data-element_type=\"container\">\n\t\t\t\t<div class=\"elementor-element elementor-element-36b58a9 elementor-widget elementor-widget-text-editor\" data-id=\"36b58a9\" data-element_type=\"widget\" data-widget_type=\"text-editor.default\">\n\t\t\t\t\t\t\t\t\t<p>Tous les flux peuvent \u00eatre convertis. Certains composants non-support\u00e9s et tr\u00e8s rarement utilis\u00e9s seront remplac\u00e9s par des composants g\u00e9n\u00e9riques pour \u00eatre repris manuellement. <\/p>\t\t\t\t\t\t\t\t<\/div>\n\t\t\t\t<\/div>\n\t\t\t\t\t<\/details>\n\t\t\t\t\t\t<details id=\"e-n-accordion-item-5343\" class=\"e-n-accordion-item\" >\n\t\t\t\t<summary class=\"e-n-accordion-item-title\" data-accordion-index=\"4\" tabindex=\"-1\" aria-expanded=\"false\" aria-controls=\"e-n-accordion-item-5343\" >\n\t\t\t\t\t<span class='e-n-accordion-item-title-header'><div class=\"e-n-accordion-item-title-text\"> Nous profitons de cette conversion pour changer la base de donn\u00e9es cibl\u00e9e, est-ce possible ? <\/div><\/span>\n\t\t\t\t\t\t\t<span class='e-n-accordion-item-title-icon'>\n\t\t\t<span class='e-opened' ><svg aria-hidden=\"true\" class=\"e-font-icon-svg e-fas-minus\" viewBox=\"0 0 448 512\" xmlns=\"http:\/\/www.w3.org\/2000\/svg\"><path d=\"M416 208H32c-17.67 0-32 14.33-32 32v32c0 17.67 14.33 32 32 32h384c17.67 0 32-14.33 32-32v-32c0-17.67-14.33-32-32-32z\"><\/path><\/svg><\/span>\n\t\t\t<span class='e-closed'><svg aria-hidden=\"true\" class=\"e-font-icon-svg e-fas-plus\" viewBox=\"0 0 448 512\" xmlns=\"http:\/\/www.w3.org\/2000\/svg\"><path d=\"M416 208H272V64c0-17.67-14.33-32-32-32h-32c-17.67 0-32 14.33-32 32v144H32c-17.67 0-32 14.33-32 32v32c0 17.67 14.33 32 32 32h144v144c0 17.67 14.33 32 32 32h32c17.67 0 32-14.33 32-32V304h144c17.67 0 32-14.33 32-32v-32c0-17.67-14.33-32-32-32z\"><\/path><\/svg><\/span>\n\t\t<\/span>\n\n\t\t\t\t\t\t<\/summary>\n\t\t\t\t<div role=\"region\" aria-labelledby=\"e-n-accordion-item-5343\" class=\"elementor-element elementor-element-85d96f0 e-con-full e-flex e-con e-child\" data-id=\"85d96f0\" data-element_type=\"container\">\n\t\t\t\t<div class=\"elementor-element elementor-element-887a554 elementor-widget elementor-widget-text-editor\" data-id=\"887a554\" data-element_type=\"widget\" data-widget_type=\"text-editor.default\">\n\t\t\t\t\t\t\t\t\t<p>Oui, il est possible de modifier les connexions ou les types de base de donn\u00e9es pendant la conversion, nous nous occupons de la translitt\u00e9ration des ordres SQL. <\/p>\t\t\t\t\t\t\t\t<\/div>\n\t\t\t\t<\/div>\n\t\t\t\t\t<\/details>\n\t\t\t\t\t\t<details id=\"e-n-accordion-item-5344\" class=\"e-n-accordion-item\" >\n\t\t\t\t<summary class=\"e-n-accordion-item-title\" data-accordion-index=\"5\" tabindex=\"-1\" aria-expanded=\"false\" aria-controls=\"e-n-accordion-item-5344\" >\n\t\t\t\t\t<span class='e-n-accordion-item-title-header'><div class=\"e-n-accordion-item-title-text\"> Peut-on tout convertir ? <\/div><\/span>\n\t\t\t\t\t\t\t<span class='e-n-accordion-item-title-icon'>\n\t\t\t<span class='e-opened' ><svg aria-hidden=\"true\" class=\"e-font-icon-svg e-fas-minus\" viewBox=\"0 0 448 512\" xmlns=\"http:\/\/www.w3.org\/2000\/svg\"><path d=\"M416 208H32c-17.67 0-32 14.33-32 32v32c0 17.67 14.33 32 32 32h384c17.67 0 32-14.33 32-32v-32c0-17.67-14.33-32-32-32z\"><\/path><\/svg><\/span>\n\t\t\t<span class='e-closed'><svg aria-hidden=\"true\" class=\"e-font-icon-svg e-fas-plus\" viewBox=\"0 0 448 512\" xmlns=\"http:\/\/www.w3.org\/2000\/svg\"><path d=\"M416 208H272V64c0-17.67-14.33-32-32-32h-32c-17.67 0-32 14.33-32 32v144H32c-17.67 0-32 14.33-32 32v32c0 17.67 14.33 32 32 32h144v144c0 17.67 14.33 32 32 32h32c17.67 0 32-14.33 32-32V304h144c17.67 0 32-14.33 32-32v-32c0-17.67-14.33-32-32-32z\"><\/path><\/svg><\/span>\n\t\t<\/span>\n\n\t\t\t\t\t\t<\/summary>\n\t\t\t\t<div role=\"region\" aria-labelledby=\"e-n-accordion-item-5344\" class=\"elementor-element elementor-element-9443b2f e-con-full e-flex e-con e-child\" data-id=\"9443b2f\" data-element_type=\"container\">\n\t\t\t\t<div class=\"elementor-element elementor-element-8795df8 elementor-widget elementor-widget-text-editor\" data-id=\"8795df8\" data-element_type=\"widget\" data-widget_type=\"text-editor.default\">\n\t\t\t\t\t\t\t\t\t<p>Oui, mais il est souhaitable d&rsquo;effectuer une analyse d\u00e9taill\u00e9e des flux afin de d\u00e9terminer ceux qui ne sont pas ex\u00e9cut\u00e9s en production ou ceux qui ne doivent pas \u00eatre convertis car obsol\u00e8tes, trop lourds ou trop complexes.<\/p>\t\t\t\t\t\t\t\t<\/div>\n\t\t\t\t<\/div>\n\t\t\t\t\t<\/details>\n\t\t\t\t\t\t<details id=\"e-n-accordion-item-5345\" class=\"e-n-accordion-item\" >\n\t\t\t\t<summary class=\"e-n-accordion-item-title\" data-accordion-index=\"6\" tabindex=\"-1\" aria-expanded=\"false\" aria-controls=\"e-n-accordion-item-5345\" >\n\t\t\t\t\t<span class='e-n-accordion-item-title-header'><div class=\"e-n-accordion-item-title-text\"> Combien de temps dure une conversion ? <\/div><\/span>\n\t\t\t\t\t\t\t<span class='e-n-accordion-item-title-icon'>\n\t\t\t<span class='e-opened' ><svg aria-hidden=\"true\" class=\"e-font-icon-svg e-fas-minus\" viewBox=\"0 0 448 512\" xmlns=\"http:\/\/www.w3.org\/2000\/svg\"><path d=\"M416 208H32c-17.67 0-32 14.33-32 32v32c0 17.67 14.33 32 32 32h384c17.67 0 32-14.33 32-32v-32c0-17.67-14.33-32-32-32z\"><\/path><\/svg><\/span>\n\t\t\t<span class='e-closed'><svg aria-hidden=\"true\" class=\"e-font-icon-svg e-fas-plus\" viewBox=\"0 0 448 512\" xmlns=\"http:\/\/www.w3.org\/2000\/svg\"><path d=\"M416 208H272V64c0-17.67-14.33-32-32-32h-32c-17.67 0-32 14.33-32 32v144H32c-17.67 0-32 14.33-32 32v32c0 17.67 14.33 32 32 32h144v144c0 17.67 14.33 32 32 32h32c17.67 0 32-14.33 32-32V304h144c17.67 0 32-14.33 32-32v-32c0-17.67-14.33-32-32-32z\"><\/path><\/svg><\/span>\n\t\t<\/span>\n\n\t\t\t\t\t\t<\/summary>\n\t\t\t\t<div role=\"region\" aria-labelledby=\"e-n-accordion-item-5345\" class=\"elementor-element elementor-element-ad8c244 e-con-full e-flex e-con e-child\" data-id=\"ad8c244\" data-element_type=\"container\">\n\t\t\t\t<div class=\"elementor-element elementor-element-3e6d27a elementor-widget elementor-widget-text-editor\" data-id=\"3e6d27a\" data-element_type=\"widget\" data-widget_type=\"text-editor.default\">\n\t\t\t\t\t\t\t\t\t<p>Un flux est converti en quelques secondes. Il y a cependant une phase de configuration, qui est globale au projet et qui dure de quelques jours \u00e0 quelques semaines en fonction de la maturit\u00e9 du client sur l&rsquo;ETL cible et de la complexit\u00e9 des environnements. <\/p>\t\t\t\t\t\t\t\t<\/div>\n\t\t\t\t<\/div>\n\t\t\t\t\t<\/details>\n\t\t\t\t\t\t<details id=\"e-n-accordion-item-5346\" class=\"e-n-accordion-item\" >\n\t\t\t\t<summary class=\"e-n-accordion-item-title\" data-accordion-index=\"7\" tabindex=\"-1\" aria-expanded=\"false\" aria-controls=\"e-n-accordion-item-5346\" >\n\t\t\t\t\t<span class='e-n-accordion-item-title-header'><div class=\"e-n-accordion-item-title-text\"> Avez-vous un outil pour faciliter les tests de non-r\u00e9gression ? <\/div><\/span>\n\t\t\t\t\t\t\t<span class='e-n-accordion-item-title-icon'>\n\t\t\t<span class='e-opened' ><svg aria-hidden=\"true\" class=\"e-font-icon-svg e-fas-minus\" viewBox=\"0 0 448 512\" xmlns=\"http:\/\/www.w3.org\/2000\/svg\"><path d=\"M416 208H32c-17.67 0-32 14.33-32 32v32c0 17.67 14.33 32 32 32h384c17.67 0 32-14.33 32-32v-32c0-17.67-14.33-32-32-32z\"><\/path><\/svg><\/span>\n\t\t\t<span class='e-closed'><svg aria-hidden=\"true\" class=\"e-font-icon-svg e-fas-plus\" viewBox=\"0 0 448 512\" xmlns=\"http:\/\/www.w3.org\/2000\/svg\"><path d=\"M416 208H272V64c0-17.67-14.33-32-32-32h-32c-17.67 0-32 14.33-32 32v144H32c-17.67 0-32 14.33-32 32v32c0 17.67 14.33 32 32 32h144v144c0 17.67 14.33 32 32 32h32c17.67 0 32-14.33 32-32V304h144c17.67 0 32-14.33 32-32v-32c0-17.67-14.33-32-32-32z\"><\/path><\/svg><\/span>\n\t\t<\/span>\n\n\t\t\t\t\t\t<\/summary>\n\t\t\t\t<div role=\"region\" aria-labelledby=\"e-n-accordion-item-5346\" class=\"elementor-element elementor-element-a2c5226 e-con-full e-flex e-con e-child\" data-id=\"a2c5226\" data-element_type=\"container\">\n\t\t\t\t<div class=\"elementor-element elementor-element-98f4cd7 elementor-widget elementor-widget-text-editor\" data-id=\"98f4cd7\" data-element_type=\"widget\" data-widget_type=\"text-editor.default\">\n\t\t\t\t\t\t\t\t\t<p>Nous avons d\u00e9velopp\u00e9 un outil de couverture de code int\u00e9gr\u00e9 et nous travaillons avec un partenaire, D&amp;\u00dc, qui a d\u00e9velopp\u00e9 un outil d&rsquo;automatisation des tests et qui permet d&rsquo;acc\u00e9l\u00e9rer cette phase tr\u00e8s critique du projet.<\/p>\t\t\t\t\t\t\t\t<\/div>\n\t\t\t\t<\/div>\n\t\t\t\t\t<\/details>\n\t\t\t\t\t<\/div>\n\t\t\t\t\t\t<\/div>\n\t\t\t\t<div class=\"elementor-element elementor-element-e4bd55d elementor-widget elementor-widget-html\" data-id=\"e4bd55d\" data-element_type=\"widget\" data-widget_type=\"html.default\">\n\t\t\t\t\t<script type=\"application\/ld+json\">{\n  \"@context\": \"https:\/\/schema.org\",\n  \"@type\": \"FAQPage\",\n  \"mainEntity\": [\n    {\n      \"@type\": \"Question\",\n      \"name\": \"Which ETLs are supported?\",\n      \"acceptedAnswer\": {\n        \"@type\": \"Answer\",\n        \"text\": \"As of today, PowerCenter, Talend and Talaxie are supported. More can be added on request.\"\n      }\n    },\n    {\n      \"@type\": \"Question\",\n      \"name\": \"How can I estimate the number of flows and the cost?\",\n      \"acceptedAnswer\": {\n        \"@type\": \"Answer\",\n        \"text\": \"We provide 2 levels of analysis: 1) a simple analysis that gives you a few statistics to start the discussion. 2) A more comprehensive analysis, providing a wealth of information and statistics, to estimate the risk, cost and duration of such a project.\"\n      }\n    },\n    {\n      \"@type\": \"Question\",\n      \"name\": \"What type of feed can I convert?\",\n      \"acceptedAnswer\": {\n        \"@type\": \"Answer\",\n        \"text\": \"All feeds can be converted. Some unsupported and seldom-used components will be replaced by generic components to be taken over manually.\"\n      }\n    },\n    {\n      \"@type\": \"Question\",\n      \"name\": \"We're taking advantage of this conversion to change the target database, is this possible?\",\n      \"acceptedAnswer\": {\n        \"@type\": \"Answer\",\n        \"text\": \"Yes, it is possible to change connections or database types during the conversion process. We take care of the transliteration of SQL commands.\"\n      }\n    },\n    {\n      \"@type\": \"Question\",\n      \"name\": \"Can you convert everything?\",\n      \"acceptedAnswer\": {\n        \"@type\": \"Answer\",\n        \"text\": \"Yes, but it's a good idea to carry out a detailed analysis of the flows to determine which are not being used in production, or which should not be converted because they are obsolete, too heavy or too complex.\"\n      }\n    },\n    {\n      \"@type\": \"Question\",\n      \"name\": \"How long does a conversion take?\",\n      \"acceptedAnswer\": {\n        \"@type\": \"Answer\",\n        \"text\": \"A feed is converted in a matter of seconds. There is, however, a configuration phase, which is global to the project and lasts from a few days to a few weeks, depending on the customer's maturity with the target ETL and the complexity of the environments.\"\n      }\n    },\n    {\n      \"@type\": \"Question\",\n      \"name\": \"Do you have a tool to facilitate non-regression testing?\",\n      \"acceptedAnswer\": {\n        \"@type\": \"Answer\",\n        \"text\": \"We have developed an integrated code coverage tool, and we work with a partner, D&\u00dc, who has developed a test automation tool to speed up this very critical phase of the project.\"\n      }\n    }\n  ]\n}\n<\/script>\t\t\t\t<\/div>\n\t\t\t\t\t<\/div>\n\t\t\t\t<\/div>\n\t\t\t\t<\/div>\n\t\t","protected":false},"excerpt":{"rendered":"<p>Migrations ETL avec Konvertilo Trouvez rapidement les r\u00e9ponses aux questions les plus fr\u00e9quentes. Quels ETL sont support\u00e9s ? Pour le moment, PowerCenter, Talend, Talaxie sont support\u00e9s. Il est possible d&rsquo;en ajouter \u00e0 la demande. Comment peut-on estimer le nombre de flux et le co\u00fbt ? Nous fournissons 2 niveaux d&rsquo;analyse :1) une analyse simple qui [&hellip;]<\/p>\n","protected":false},"author":3,"featured_media":0,"parent":0,"menu_order":0,"comment_status":"closed","ping_status":"closed","template":"","meta":{"footnotes":""},"class_list":["post-1026","page","type-page","status-publish","hentry"],"yoast_head":"<!-- This site is optimized with the Yoast SEO plugin v26.8 - https:\/\/yoast.com\/product\/yoast-seo-wordpress\/ -->\n<title>Foire aux questions | Konvertilo<\/title>\n<meta name=\"description\" content=\"Trouvez les r\u00e9ponses aux questions les plus courantes sur les solutions d&#039;int\u00e9gration de donn\u00e9es de Konvertilo, la migration de la plate-forme, le support et les meilleures pratiques d&#039;impl\u00e9mentation.\" \/>\n<meta name=\"robots\" content=\"index, follow, max-snippet:-1, max-image-preview:large, max-video-preview:-1\" \/>\n<link rel=\"canonical\" href=\"https:\/\/konvertilo.com\/fr\/questions-frequemment-posees\/\" \/>\n<meta property=\"og:locale\" content=\"fr_FR\" \/>\n<meta property=\"og:type\" content=\"article\" \/>\n<meta property=\"og:title\" content=\"Foire aux questions | Konvertilo\" \/>\n<meta property=\"og:description\" content=\"Trouvez les r\u00e9ponses aux questions les plus courantes sur les solutions d&#039;int\u00e9gration de donn\u00e9es de Konvertilo, la migration de la plate-forme, le support et les meilleures pratiques d&#039;impl\u00e9mentation.\" \/>\n<meta property=\"og:url\" content=\"https:\/\/konvertilo.com\/fr\/questions-frequemment-posees\/\" \/>\n<meta property=\"og:site_name\" content=\"Konvertilo\" \/>\n<meta property=\"article:modified_time\" content=\"2025-06-24T10:22:36+00:00\" \/>\n<meta property=\"og:image\" content=\"https:\/\/konvertilo.com\/wp-content\/uploads\/2025\/06\/Konvertilo-Transform_Your_ETL.jpg\" \/>\n\t<meta property=\"og:image:width\" content=\"1200\" \/>\n\t<meta property=\"og:image:height\" content=\"675\" \/>\n\t<meta property=\"og:image:type\" content=\"image\/jpeg\" \/>\n<meta name=\"twitter:card\" content=\"summary_large_image\" \/>\n<meta name=\"twitter:label1\" content=\"Dur\u00e9e de lecture estim\u00e9e\" \/>\n\t<meta name=\"twitter:data1\" content=\"3 minutes\" \/>\n<script type=\"application\/ld+json\" class=\"yoast-schema-graph\">{\"@context\":\"https:\/\/schema.org\",\"@graph\":[{\"@type\":\"WebPage\",\"@id\":\"https:\/\/konvertilo.com\/fr\/questions-frequemment-posees\/\",\"url\":\"https:\/\/konvertilo.com\/fr\/questions-frequemment-posees\/\",\"name\":\"Foire aux questions | Konvertilo\",\"isPartOf\":{\"@id\":\"https:\/\/konvertilo.com\/fr\/#website\"},\"datePublished\":\"2025-06-19T12:40:47+00:00\",\"dateModified\":\"2025-06-24T10:22:36+00:00\",\"description\":\"Trouvez les r\u00e9ponses aux questions les plus courantes sur les solutions d'int\u00e9gration de donn\u00e9es de Konvertilo, la migration de la plate-forme, le support et les meilleures pratiques d'impl\u00e9mentation.\",\"breadcrumb\":{\"@id\":\"https:\/\/konvertilo.com\/fr\/questions-frequemment-posees\/#breadcrumb\"},\"inLanguage\":\"fr-FR\",\"potentialAction\":[{\"@type\":\"ReadAction\",\"target\":[\"https:\/\/konvertilo.com\/fr\/questions-frequemment-posees\/\"]}]},{\"@type\":\"BreadcrumbList\",\"@id\":\"https:\/\/konvertilo.com\/fr\/questions-frequemment-posees\/#breadcrumb\",\"itemListElement\":[{\"@type\":\"ListItem\",\"position\":1,\"name\":\"Accueil\",\"item\":\"https:\/\/konvertilo.com\/fr\/konvertilo-evaluer-convertir-et-securiser\/\"},{\"@type\":\"ListItem\",\"position\":2,\"name\":\"Foire aux questions\"}]},{\"@type\":\"WebSite\",\"@id\":\"https:\/\/konvertilo.com\/fr\/#website\",\"url\":\"https:\/\/konvertilo.com\/fr\/\",\"name\":\"Konvertilo\",\"description\":\"Evaluate, convert and secure\",\"potentialAction\":[{\"@type\":\"SearchAction\",\"target\":{\"@type\":\"EntryPoint\",\"urlTemplate\":\"https:\/\/konvertilo.com\/fr\/?s={search_term_string}\"},\"query-input\":{\"@type\":\"PropertyValueSpecification\",\"valueRequired\":true,\"valueName\":\"search_term_string\"}}],\"inLanguage\":\"fr-FR\"}]}<\/script>\n<!-- \/ Yoast SEO plugin. -->","yoast_head_json":{"title":"Foire aux questions | Konvertilo","description":"Trouvez les r\u00e9ponses aux questions les plus courantes sur les solutions d'int\u00e9gration de donn\u00e9es de Konvertilo, la migration de la plate-forme, le support et les meilleures pratiques d'impl\u00e9mentation.","robots":{"index":"index","follow":"follow","max-snippet":"max-snippet:-1","max-image-preview":"max-image-preview:large","max-video-preview":"max-video-preview:-1"},"canonical":"https:\/\/konvertilo.com\/fr\/questions-frequemment-posees\/","og_locale":"fr_FR","og_type":"article","og_title":"Foire aux questions | Konvertilo","og_description":"Trouvez les r\u00e9ponses aux questions les plus courantes sur les solutions d'int\u00e9gration de donn\u00e9es de Konvertilo, la migration de la plate-forme, le support et les meilleures pratiques d'impl\u00e9mentation.","og_url":"https:\/\/konvertilo.com\/fr\/questions-frequemment-posees\/","og_site_name":"Konvertilo","article_modified_time":"2025-06-24T10:22:36+00:00","og_image":[{"width":1200,"height":675,"url":"https:\/\/konvertilo.com\/wp-content\/uploads\/2025\/06\/Konvertilo-Transform_Your_ETL.jpg","type":"image\/jpeg"}],"twitter_card":"summary_large_image","twitter_misc":{"Dur\u00e9e de lecture estim\u00e9e":"3 minutes"},"schema":{"@context":"https:\/\/schema.org","@graph":[{"@type":"WebPage","@id":"https:\/\/konvertilo.com\/fr\/questions-frequemment-posees\/","url":"https:\/\/konvertilo.com\/fr\/questions-frequemment-posees\/","name":"Foire aux questions | Konvertilo","isPartOf":{"@id":"https:\/\/konvertilo.com\/fr\/#website"},"datePublished":"2025-06-19T12:40:47+00:00","dateModified":"2025-06-24T10:22:36+00:00","description":"Trouvez les r\u00e9ponses aux questions les plus courantes sur les solutions d'int\u00e9gration de donn\u00e9es de Konvertilo, la migration de la plate-forme, le support et les meilleures pratiques d'impl\u00e9mentation.","breadcrumb":{"@id":"https:\/\/konvertilo.com\/fr\/questions-frequemment-posees\/#breadcrumb"},"inLanguage":"fr-FR","potentialAction":[{"@type":"ReadAction","target":["https:\/\/konvertilo.com\/fr\/questions-frequemment-posees\/"]}]},{"@type":"BreadcrumbList","@id":"https:\/\/konvertilo.com\/fr\/questions-frequemment-posees\/#breadcrumb","itemListElement":[{"@type":"ListItem","position":1,"name":"Accueil","item":"https:\/\/konvertilo.com\/fr\/konvertilo-evaluer-convertir-et-securiser\/"},{"@type":"ListItem","position":2,"name":"Foire aux questions"}]},{"@type":"WebSite","@id":"https:\/\/konvertilo.com\/fr\/#website","url":"https:\/\/konvertilo.com\/fr\/","name":"Konvertilo","description":"Evaluate, convert and secure","potentialAction":[{"@type":"SearchAction","target":{"@type":"EntryPoint","urlTemplate":"https:\/\/konvertilo.com\/fr\/?s={search_term_string}"},"query-input":{"@type":"PropertyValueSpecification","valueRequired":true,"valueName":"search_term_string"}}],"inLanguage":"fr-FR"}]}},"_links":{"self":[{"href":"https:\/\/konvertilo.com\/fr\/wp-json\/wp\/v2\/pages\/1026","targetHints":{"allow":["GET"]}}],"collection":[{"href":"https:\/\/konvertilo.com\/fr\/wp-json\/wp\/v2\/pages"}],"about":[{"href":"https:\/\/konvertilo.com\/fr\/wp-json\/wp\/v2\/types\/page"}],"author":[{"embeddable":true,"href":"https:\/\/konvertilo.com\/fr\/wp-json\/wp\/v2\/users\/3"}],"replies":[{"embeddable":true,"href":"https:\/\/konvertilo.com\/fr\/wp-json\/wp\/v2\/comments?post=1026"}],"version-history":[{"count":7,"href":"https:\/\/konvertilo.com\/fr\/wp-json\/wp\/v2\/pages\/1026\/revisions"}],"predecessor-version":[{"id":1120,"href":"https:\/\/konvertilo.com\/fr\/wp-json\/wp\/v2\/pages\/1026\/revisions\/1120"}],"wp:attachment":[{"href":"https:\/\/konvertilo.com\/fr\/wp-json\/wp\/v2\/media?parent=1026"}],"curies":[{"name":"wp","href":"https:\/\/api.w.org\/{rel}","templated":true}]}}